{"id":107,"date":"2012-01-26T16:59:46","date_gmt":"2012-01-26T16:59:46","guid":{"rendered":"http:\/\/www.privataudio.chris-vom-berg.de\/?page_id=107"},"modified":"2022-11-23T10:16:18","modified_gmt":"2022-11-23T10:16:18","slug":"team-3","status":"publish","type":"page","link":"http:\/\/www.privataudio.chris-vom-berg.de\/?page_id=107","title":{"rendered":"\u00dcber mich"},"content":{"rendered":"<p><img loading=\"lazy\" class=\"alignleft  wp-image-1371\" title=\"Matthias Baxmann\" src=\"http:\/\/www.privataudio.chris-vom-berg.de\/wp-content\/uploads\/2012\/01\/Matthias-Baxmann2.jpg\" alt=\"\" width=\"190\" height=\"196\" srcset=\"http:\/\/www.privataudio.chris-vom-berg.de\/wp-content\/uploads\/2012\/01\/Matthias-Baxmann2.jpg 600w, http:\/\/www.privataudio.chris-vom-berg.de\/wp-content\/uploads\/2012\/01\/Matthias-Baxmann2-292x300.jpg 292w\" sizes=\"(max-width: 190px) 100vw, 190px\" \/>Matthias Baxmann &#8211; geboren 1957 in Berlin<br \/>\nAls Autor, Interviewer und Produzent arbeite ich seit 20 Jahren f\u00fcr den H\u00f6rfunk<br \/>\nin den Sparten Feature, Reportage und H\u00f6rspiel.<\/p>\n<p><strong>Preise<\/strong>\u00a0(Auswahl):<br \/>\nAutor <a href=\"https:\/\/literaturkritik.de\/id\/6767\" target=\"_blank\" rel=\"noopener\">\u201eH\u00f6rspiel des Jahres&#8220; 2003<\/a><br \/>\nRBB-Publikumspreis (Feature) 2005<br \/>\nARD H\u00f6rspielpreis und ARD-online-award\u00a0 2006<br \/>\n<strong>Referenzen siehe hier:<\/strong><br \/>\n<a href=\"https:\/\/www.swr.de\/swr-suche-100.html?swx_restriction=&amp;swx_q=Matthias%20Baxmann\" target=\"_blank\" rel=\"noopener\"><img loading=\"lazy\" class=\"alignnone size-full wp-image-1134\" style=\"border-style: initial; border-color: initial;\" title=\"SWR\" src=\"http:\/\/www.privataudio.chris-vom-berg.de\/wp-content\/uploads\/2012\/01\/SWR7.png\" alt=\"\" width=\"60\" height=\"18\" \/><\/a>\u00a0\u00a0<a href=\"https:\/\/www.ardaudiothek.de\/suche?q=Matthias%20Baxmann\" target=\"_blank\" rel=\"noopener\"><img loading=\"lazy\" class=\"alignnone size-full wp-image-1146\" style=\"border-style: initial; border-color: initial;\" title=\"MDR\" src=\"http:\/\/www.privataudio.chris-vom-berg.de\/wp-content\/uploads\/2012\/01\/MDR1.png\" alt=\"\" width=\"50\" height=\"18\" \/><\/a>\u00a0 <a href=\"https:\/\/www.deutschlandfunkkultur.de\/audiothek?drsearch%3AsearchText=Matthias%20Baxmann&amp;drsearch%3Astations=64df3047-eea5-411a-877c-c415f344a8e7\" target=\"_blank\" rel=\"noopener\"><img loading=\"lazy\" class=\"alignnone size-full wp-image-1166\" title=\"DLR\" src=\"http:\/\/www.privataudio.chris-vom-berg.de\/wp-content\/uploads\/2012\/01\/DLR1.jpg\" alt=\"\" width=\"166\" height=\"22\" \/><\/a>\u00a0 <a href=\"http:\/\/oe1.orf.at\/artikel\/219998\" target=\"_blank\" rel=\"noopener\"><img loading=\"lazy\" class=\"alignnone size-full wp-image-1419\" title=\"ORF\" src=\"http:\/\/www.privataudio.chris-vom-berg.de\/wp-content\/uploads\/2012\/01\/ORF3.png\" alt=\"\" width=\"51\" height=\"22\" srcset=\"http:\/\/www.privataudio.chris-vom-berg.de\/wp-content\/uploads\/2012\/01\/ORF3.png 51w, http:\/\/www.privataudio.chris-vom-berg.de\/wp-content\/uploads\/2012\/01\/ORF3-50x22.png 50w\" sizes=\"(max-width: 51px) 100vw, 51px\" \/><\/a> <a href=\"https:\/\/berliner-hoerspielfestival.de\/datenbank\/?list=ab&amp;search=&amp;pg=1&amp;by=Matthias+Baxmann\" target=\"_blank\" rel=\"noopener\"><img loading=\"lazy\" class=\"size-full wp-image-1853 alignnone\" src=\"http:\/\/www.privataudio.chris-vom-berg.de\/wp-content\/uploads\/2021\/06\/BHF_Logo_100x100_blau_schwarz_standard.png\" alt=\"\" width=\"22\" height=\"22\" \/><\/a>\u00a0 <a href=\"https:\/\/de.wikipedia.org\/wiki\/Matthias_Baxmann\" target=\"_blank\" rel=\"noopener\"><strong><img loading=\"lazy\" class=\"size-full wp-image-1842 alignnone\" src=\"http:\/\/www.privataudio.chris-vom-berg.de\/wp-content\/uploads\/2021\/06\/Wikipedia-logo.png\" alt=\"\" width=\"22\" height=\"22\" \/><\/strong><\/a><\/p>\n<p><iframe loading=\"lazy\" src=\"https:\/\/w.soundcloud.com\/player\/?url=https%3A\/\/api.soundcloud.com\/tracks\/967813927%3Fsecret_token%3Ds-VJMkvgkXWek&amp;color=%23ff5500&amp;inverse=false&amp;auto_play=true&amp;show_user=true\" width=\"100%\" height=\"20\" frameborder=\"no\" scrolling=\"no\"><\/iframe><\/p>\n","protected":false},"excerpt":{"rendered":"<p>Matthias Baxmann &#8211; geboren 1957 in Berlin Als Autor, Interviewer und Produzent arbeite ich seit 20 Jahren f\u00fcr den H\u00f6rfunk in den Sparten Feature, Reportage und H\u00f6rspiel. Preise\u00a0(Auswahl): Autor \u201eH\u00f6rspiel des Jahres&#8220; 2003 RBB-Publikumspreis (Feature) 2005 ARD H\u00f6rspielpreis und ARD-online-award\u00a0 2006 Referenzen siehe hier: \u00a0\u00a0\u00a0 \u00a0 \u00a0<\/p>\n","protected":false},"author":1,"featured_media":0,"parent":0,"menu_order":0,"comment_status":"closed","ping_status":"closed","template":"page-full.php","meta":[],"_links":{"self":[{"href":"http:\/\/www.privataudio.chris-vom-berg.de\/index.php?rest_route=\/wp\/v2\/pages\/107"}],"collection":[{"href":"http:\/\/www.privataudio.chris-vom-berg.de\/index.php?rest_route=\/wp\/v2\/pages"}],"about":[{"href":"http:\/\/www.privataudio.chris-vom-berg.de\/index.php?rest_route=\/wp\/v2\/types\/page"}],"author":[{"embeddable":true,"href":"http:\/\/www.privataudio.chris-vom-berg.de\/index.php?rest_route=\/wp\/v2\/users\/1"}],"replies":[{"embeddable":true,"href":"http:\/\/www.privataudio.chris-vom-berg.de\/index.php?rest_route=%2Fwp%2Fv2%2Fcomments&post=107"}],"version-history":[{"count":16,"href":"http:\/\/www.privataudio.chris-vom-berg.de\/index.php?rest_route=\/wp\/v2\/pages\/107\/revisions"}],"predecessor-version":[{"id":1868,"href":"http:\/\/www.privataudio.chris-vom-berg.de\/index.php?rest_route=\/wp\/v2\/pages\/107\/revisions\/1868"}],"wp:attachment":[{"href":"http:\/\/www.privataudio.chris-vom-berg.de\/index.php?rest_route=%2Fwp%2Fv2%2Fmedia&parent=107"}],"curies":[{"name":"wp","href":"https:\/\/api.w.org\/{rel}","templated":true}]}}