{"id":238,"date":"2012-01-26T22:32:50","date_gmt":"2012-01-26T22:32:50","guid":{"rendered":"http:\/\/www.privataudio.chris-vom-berg.de\/?page_id=238"},"modified":"2021-01-18T13:29:00","modified_gmt":"2021-01-18T13:29:00","slug":"produktion-2","status":"publish","type":"page","link":"http:\/\/www.privataudio.chris-vom-berg.de\/?page_id=238","title":{"rendered":"Produktion"},"content":{"rendered":"<p><strong><br \/>\nDer Ablauf<br \/>\n<\/strong><\/p>\n<blockquote><p>&#8211; Kostenloses Vorgespr\u00e4ch: Wir lernen uns kennen und kl\u00e4ren, um welchen Inhalt es bei Ihrer CD gehen soll.<br \/>\n&#8211; Sprachaufnahmen, am Besten in einer Ihnen vertrauten Umgebung: \u00a0Als neutrale Person kann ich<br \/>\ndurch Nachfragen Ihre Erinnerung anregen. Auch Hilfsmittel &#8211; wie etwa Fotos &#8211; sind erfahrungsgem\u00e4\u00df f\u00fcr<br \/>\nden\u00a0Erz\u00e4hlstrom von Vorteil. Vielleicht haben Sie auch eigene Texte verfasst, die zwischen Erz\u00e4hltes<br \/>\neinflie\u00dfen sollen. Ein Tagebuch oder Gedichte?<br \/>\n&#8211; Produktion: \u00a0Mit dem aufgezeichneten Material werde ich im Tonstudio eine maximal 70 Minuten lange CD<br \/>\nf\u00fcr Sie abmischen.\u00a0Abschnitte der Geschichten k\u00f6nnen durch kurze Musikeinspielungen strukturiert\u00a0werden:<br \/>\nIhre Lieblingsmusiken oder Titel,\u00a0die einen Zeitbezug zum jeweils Erz\u00e4hlten herstellen.<\/p><\/blockquote>\n<p><strong style=\"text-align: left;\">Die CD-H\u00fclle<\/strong><\/p>\n<div><a href=\"http:\/\/www.privataudio.chris-vom-berg.de\/wp-content\/uploads\/2012\/01\/PrivatAudio-Production.jpg\"><img loading=\"lazy\" class=\"alignleft size-medium wp-image-1559\" title=\"PrivatAudio Production\" src=\"http:\/\/www.privataudio.chris-vom-berg.de\/wp-content\/uploads\/2012\/01\/PrivatAudio-Production-300x123.jpg\" alt=\"\" width=\"300\" height=\"123\" srcset=\"http:\/\/www.privataudio.chris-vom-berg.de\/wp-content\/uploads\/2012\/01\/PrivatAudio-Production-300x123.jpg 300w, http:\/\/www.privataudio.chris-vom-berg.de\/wp-content\/uploads\/2012\/01\/PrivatAudio-Production-1024x422.jpg 1024w, http:\/\/www.privataudio.chris-vom-berg.de\/wp-content\/uploads\/2012\/01\/PrivatAudio-Production.jpg 1521w\" sizes=\"(max-width: 300px) 100vw, 300px\" \/><\/a><\/div>\n<div><\/div>\n<div><em><span style=\"text-align: left;\"><br \/>\nMit Ihren Fotos und kurzen Texten oder den Daten<br \/>\nf\u00fcr eine Lebenschronik, wird der Graphiker eine<br \/>\nrepr\u00e4sentative CD-H\u00fclle aus Kartonage mit Frontbild,<br \/>\nein 8seitiges Booklett und den CD-Aufdruck gestalten.<\/span><\/em><br \/>\n<em> Wir beraten Sie gern.<\/em><\/div>\n<p><iframe loading=\"lazy\" src=\"https:\/\/w.soundcloud.com\/player\/?url=https%3A\/\/api.soundcloud.com\/tracks\/967813207%3Fsecret_token%3Ds-F2ErdYY9Pqk&amp;color=%23ff5500&amp;inverse=false&amp;auto_play=true&amp;show_user=true\" frameborder=\"no\" scrolling=\"no\" width=\"100%\" height=\"20\"><\/iframe><\/p>\n","protected":false},"excerpt":{"rendered":"<p>Der Ablauf &#8211; Kostenloses Vorgespr\u00e4ch: Wir lernen uns kennen und kl\u00e4ren, um welchen Inhalt es bei Ihrer CD gehen soll. &#8211; Sprachaufnahmen, am Besten in einer Ihnen vertrauten Umgebung: \u00a0Als neutrale Person kann ich durch Nachfragen Ihre Erinnerung anregen. Auch Hilfsmittel &#8211; wie etwa Fotos &#8211; sind erfahrungsgem\u00e4\u00df f\u00fcr den\u00a0Erz\u00e4hlstrom &#8230;<\/p>\n","protected":false},"author":1,"featured_media":0,"parent":0,"menu_order":0,"comment_status":"closed","ping_status":"closed","template":"page-full.php","meta":[],"_links":{"self":[{"href":"http:\/\/www.privataudio.chris-vom-berg.de\/index.php?rest_route=\/wp\/v2\/pages\/238"}],"collection":[{"href":"http:\/\/www.privataudio.chris-vom-berg.de\/index.php?rest_route=\/wp\/v2\/pages"}],"about":[{"href":"http:\/\/www.privataudio.chris-vom-berg.de\/index.php?rest_route=\/wp\/v2\/types\/page"}],"author":[{"embeddable":true,"href":"http:\/\/www.privataudio.chris-vom-berg.de\/index.php?rest_route=\/wp\/v2\/users\/1"}],"replies":[{"embeddable":true,"href":"http:\/\/www.privataudio.chris-vom-berg.de\/index.php?rest_route=%2Fwp%2Fv2%2Fcomments&post=238"}],"version-history":[{"count":1,"href":"http:\/\/www.privataudio.chris-vom-berg.de\/index.php?rest_route=\/wp\/v2\/pages\/238\/revisions"}],"predecessor-version":[{"id":1760,"href":"http:\/\/www.privataudio.chris-vom-berg.de\/index.php?rest_route=\/wp\/v2\/pages\/238\/revisions\/1760"}],"wp:attachment":[{"href":"http:\/\/www.privataudio.chris-vom-berg.de\/index.php?rest_route=%2Fwp%2Fv2%2Fmedia&parent=238"}],"curies":[{"name":"wp","href":"https:\/\/api.w.org\/{rel}","templated":true}]}}